{"id":5890,"date":"2025-02-08T14:40:46","date_gmt":"2025-02-08T13:40:46","guid":{"rendered":"https:\/\/test.skiclub-teublitz.de\/?page_id=5890"},"modified":"2025-02-09T08:54:57","modified_gmt":"2025-02-09T07:54:57","slug":"skikurs2025","status":"publish","type":"page","link":"https:\/\/test.skiclub-teublitz.de\/index.php\/skikurs2025\/","title":{"rendered":"Skikurs2025"},"content":{"rendered":"\t\t<div data-elementor-type=\"wp-page\" data-elementor-id=\"5890\" class=\"elementor elementor-5890\">\n\t\t\t\t<div class=\"elementor-element elementor-element-19c201b e-con-full e-flex parallax_section_no qode_elementor_container_no e-con e-parent\" data-id=\"19c201b\" data-element_type=\"container\" data-settings=\"{&quot;background_background&quot;:&quot;classic&quot;}\">\n\t\t<div class=\"elementor-element elementor-element-ace4304 e-con-full elementor-hidden-tablet elementor-hidden-mobile e-flex parallax_section_no qode_elementor_container_no e-con e-child\" data-id=\"ace4304\" data-element_type=\"container\" data-settings=\"{&quot;background_background&quot;:&quot;classic&quot;,&quot;position&quot;:&quot;fixed&quot;}\">\n\t\t\t\t<div class=\"elementor-element elementor-element-8a5ed98 elementor-widget elementor-widget-spacer\" data-id=\"8a5ed98\" data-element_type=\"widget\" data-widget_type=\"spacer.default\">\n\t\t\t\t<div class=\"elementor-widget-container\">\n\t\t\t\t\t<div class=\"elementor-spacer\">\n\t\t\t<div class=\"elementor-spacer-inner\"><\/div>\n\t\t<\/div>\n\t\t\t\t<\/div>\n\t\t\t\t<\/div>\n\t\t\t\t<\/div>\n\t\t<div class=\"elementor-element elementor-element-96fb279 e-con-full e-flex parallax_section_no qode_elementor_container_no e-con e-child\" data-id=\"96fb279\" data-element_type=\"container\" data-settings=\"{&quot;background_background&quot;:&quot;classic&quot;}\">\n\t\t\t\t<div class=\"elementor-element elementor-element-1f1d536 elementor-widget elementor-widget-heading\" data-id=\"1f1d536\" data-element_type=\"widget\" data-widget_type=\"heading.default\">\n\t\t\t\t<div class=\"elementor-widget-container\">\n\t\t\t<h1 class=\"elementor-heading-title elementor-size-default\">Ski- &amp; Snowboard-kurse 2025<\/h1>\t\t<\/div>\n\t\t\t\t<\/div>\n\t\t\t\t<div class=\"elementor-element elementor-element-74370c7 elementor-widget__width-initial elementor-widget elementor-widget-qi_addons_for_elementor_section_title\" data-id=\"74370c7\" data-element_type=\"widget\" data-widget_type=\"qi_addons_for_elementor_section_title.default\">\n\t\t\t\t<div class=\"elementor-widget-container\">\n\t\t\t<div class=\"qodef-shortcode qodef-m qodef-qi-section-title qodef-decoration--italic qodef-link--underline-draw qodef-subtitle-icon--left\">\n\t\t\t\t\t\t\t\t<div class=\"qodef-m-text\"><p>Unser j\u00e4hrliches Hightlight der Ski- &amp; Snowboardkurse findet wie gewohnt am gro\u00dfen Arber statt. In unterschiedlichen Gruppen ist f\u00fcr jede K\u00f6nnenstufe und Alter das Richtige dabei, indem unsere top-ausgebildeten \u00dcbungsleiter auf die individuellen Bed\u00fcrfnisse und W\u00fcnsche der Teilnehmer eingehen<\/p><\/div>\n\t<\/div>\n\t\t<\/div>\n\t\t\t\t<\/div>\n\t\t\t\t<div class=\"elementor-element elementor-element-9f53d1a elementor-widget elementor-widget-qi_addons_for_elementor_button\" data-id=\"9f53d1a\" data-element_type=\"widget\" data-widget_type=\"qi_addons_for_elementor_button.default\">\n\t\t\t\t<div class=\"elementor-widget-container\">\n\t\t\t<a class=\"qodef-shortcode qodef-m qodef-qi-button qodef-html--link qodef-layout--filled qodef-type--standard qodef-icon--right qodef-hover--icon-move-horizontal-short\" href=\"\" target=\"_self\">\n\t<span class=\"qodef-m-text\">ANMELDUNG BEENDET<\/span>\n\t<\/a>\n\t\t<\/div>\n\t\t\t\t<\/div>\n\t\t<div class=\"elementor-element elementor-element-71e1426 e-con-full e-flex parallax_section_no qode_elementor_container_no e-con e-child\" data-id=\"71e1426\" data-element_type=\"container\">\n\t\t\t\t<div class=\"elementor-element elementor-element-cb73380 elementor-widget elementor-widget-heading\" data-id=\"cb73380\" data-element_type=\"widget\" data-widget_type=\"heading.default\">\n\t\t\t\t<div class=\"elementor-widget-container\">\n\t\t\t<h1 class=\"elementor-heading-title elementor-size-default\">TREFFPUNKT &amp; KOSTEN<\/h1>\t\t<\/div>\n\t\t\t\t<\/div>\n\t\t\t\t<div class=\"elementor-element elementor-element-698dbca elementor-widget__width-initial elementor-widget elementor-widget-qi_addons_for_elementor_section_title\" data-id=\"698dbca\" data-element_type=\"widget\" data-widget_type=\"qi_addons_for_elementor_section_title.default\">\n\t\t\t\t<div class=\"elementor-widget-container\">\n\t\t\t<div class=\"qodef-shortcode qodef-m qodef-qi-section-title qodef-decoration--italic qodef-link--underline-draw qodef-subtitle-icon--left\">\n\t\t\t\t\t\t\t\t<\/div>\n\t\t<\/div>\n\t\t\t\t<\/div>\n\t\t<div class=\"elementor-element elementor-element-e6e833d e-flex e-con-boxed parallax_section_no qode_elementor_container_no e-con e-child\" data-id=\"e6e833d\" data-element_type=\"container\">\n\t\t\t\t\t<div class=\"e-con-inner\">\n\t\t\t\t<div class=\"elementor-element elementor-element-4d2c7a8 elementor-widget__width-initial elementor-widget elementor-widget-text-editor\" data-id=\"4d2c7a8\" data-element_type=\"widget\" data-widget_type=\"text-editor.default\">\n\t\t\t\t<div class=\"elementor-widget-container\">\n\t\t\t\t\t\t\t<p>Datum:<\/p><p>Uhrzeit:<\/p><p>Treffpunkt:<\/p><p>Kosten <em>(exkl. Skipass):<\/em><\/p>\t\t\t\t\t\t<\/div>\n\t\t\t\t<\/div>\n\t\t\t\t<div class=\"elementor-element elementor-element-5bb636f elementor-widget elementor-widget-text-editor\" data-id=\"5bb636f\" data-element_type=\"widget\" data-widget_type=\"text-editor.default\">\n\t\t\t\t<div class=\"elementor-widget-container\">\n\t\t\t\t\t\t\t<p>03.01. &#8211; 05.01.2025<\/p><p>07:00 Uhr<\/p><p>Friedhofparkplatz in Teublitz<\/p><p>Mitglieder: 99 \u20ac<\/p>\t\t\t\t\t\t<\/div>\n\t\t\t\t<\/div>\n\t\t\t\t\t<\/div>\n\t\t\t\t<\/div>\n\t\t\t\t<\/div>\n\t\t<div class=\"elementor-element elementor-element-c2f06d0 e-con-full e-flex parallax_section_no qode_elementor_container_no e-con e-child\" data-id=\"c2f06d0\" data-element_type=\"container\">\n\t\t\t\t<div class=\"elementor-element elementor-element-cb052c5 elementor-widget elementor-widget-text-editor\" data-id=\"cb052c5\" data-element_type=\"widget\" data-widget_type=\"text-editor.default\">\n\t\t\t\t<div class=\"elementor-widget-container\">\n\t\t\t\t\t\t\t<ul><li>Kosten f\u00fcr die Liftkarten werden im Bus eingesammelt (bitte Bargeld mitnehmen)<\/li><li>3-Tage-Skikarte Erwachsene (ab 17 Jahre) kostet: 123 EUR ohne KeyCard (https:\/\/www.arber.de\/preise\/)<\/li><li>3-Tage-Skikarte Kinder\/Jugendliche (bis 16): 84 EUR ohne Keycard (bei den Tageskarten ist jeweils das Kinderland auch mit inbegriffen)(https:\/\/www.arber.de\/preise\/)<\/li><li>Mittagessen wird am Bus vom Skiclub angeboten (Bus ist Mittags offen)<\/li><li>Die Kurse finden ab einer Teilnehmerzahl von 5 Personen statt<\/li><\/ul>\t\t\t\t\t\t<\/div>\n\t\t\t\t<\/div>\n\t\t\t\t<\/div>\n\t\t<div class=\"elementor-element elementor-element-9b2eb14 e-flex e-con-boxed parallax_section_no qode_elementor_container_no e-con e-child\" data-id=\"9b2eb14\" data-element_type=\"container\">\n\t\t\t\t\t<div class=\"e-con-inner\">\n\t\t\t\t<div class=\"elementor-element elementor-element-9ab4e8d elementor-widget__width-initial elementor-widget elementor-widget-qi_addons_for_elementor_section_title\" data-id=\"9ab4e8d\" data-element_type=\"widget\" data-widget_type=\"qi_addons_for_elementor_section_title.default\">\n\t\t\t\t<div class=\"elementor-widget-container\">\n\t\t\t<div class=\"qodef-shortcode qodef-m qodef-qi-section-title qodef-decoration--italic qodef-link--underline-draw qodef-subtitle-icon--left\">\n\t\t\t\t\t\t<h2 class=\"qodef-m-title\">\n\t\tDU HAST FRAGEN?\t<\/h2>\n\t\t\t<div class=\"qodef-m-text\"><p>Schreib und gerne eine Nachricht, wir k\u00fcmmern uns um dein Anliegen!<\/p><\/div>\n\t<\/div>\n\t\t<\/div>\n\t\t\t\t<\/div>\n\t\t\t\t\t<\/div>\n\t\t\t\t<\/div>\n\t\t\t\t<\/div>\n\t\t\t\t<\/div>\n\t\t\t\t<\/div>\n\t\t","protected":false},"excerpt":{"rendered":"<p>Ski- &amp; Snowboard-kurse 2025 Unser j\u00e4hrliches Hightlight der Ski- &amp; Snowboardkurse findet wie gewohnt am gro\u00dfen Arber statt. In unterschiedlichen Gruppen ist f\u00fcr jede K\u00f6nnenstufe und Alter das Richtige dabei, indem unsere top-ausgebildeten \u00dcbungsleiter auf die individuellen Bed\u00fcrfnisse und W\u00fcnsche der Teilnehmer eingehen ANMELDUNG BEENDET&#8230;<\/p>\n","protected":false},"author":1,"featured_media":0,"parent":0,"menu_order":0,"comment_status":"closed","ping_status":"closed","template":"full_width.php","meta":{"footnotes":""},"class_list":["post-5890","page","type-page","status-publish","hentry"],"_links":{"self":[{"href":"https:\/\/test.skiclub-teublitz.de\/index.php\/wp-json\/wp\/v2\/pages\/5890","targetHints":{"allow":["GET"]}}],"collection":[{"href":"https:\/\/test.skiclub-teublitz.de\/index.php\/wp-json\/wp\/v2\/pages"}],"about":[{"href":"https:\/\/test.skiclub-teublitz.de\/index.php\/wp-json\/wp\/v2\/types\/page"}],"author":[{"embeddable":true,"href":"https:\/\/test.skiclub-teublitz.de\/index.php\/wp-json\/wp\/v2\/users\/1"}],"replies":[{"embeddable":true,"href":"https:\/\/test.skiclub-teublitz.de\/index.php\/wp-json\/wp\/v2\/comments?post=5890"}],"version-history":[{"count":5,"href":"https:\/\/test.skiclub-teublitz.de\/index.php\/wp-json\/wp\/v2\/pages\/5890\/revisions"}],"predecessor-version":[{"id":5948,"href":"https:\/\/test.skiclub-teublitz.de\/index.php\/wp-json\/wp\/v2\/pages\/5890\/revisions\/5948"}],"wp:attachment":[{"href":"https:\/\/test.skiclub-teublitz.de\/index.php\/wp-json\/wp\/v2\/media?parent=5890"}],"curies":[{"name":"wp","href":"https:\/\/api.w.org\/{rel}","templated":true}]}}