{"id":5795,"date":"2025-01-26T15:43:00","date_gmt":"2025-01-26T14:43:00","guid":{"rendered":"https:\/\/test.skiclub-teublitz.de\/?page_id=5795"},"modified":"2025-02-09T13:42:21","modified_gmt":"2025-02-09T12:42:21","slug":"zillertal","status":"publish","type":"page","link":"https:\/\/test.skiclub-teublitz.de\/index.php\/zillertal\/","title":{"rendered":"Zillertal"},"content":{"rendered":"\t\t<div data-elementor-type=\"wp-page\" data-elementor-id=\"5795\" class=\"elementor elementor-5795\">\n\t\t\t\t<div class=\"elementor-element elementor-element-19c201b e-con-full e-flex parallax_section_no qode_elementor_container_no e-con e-parent\" data-id=\"19c201b\" data-element_type=\"container\" data-settings=\"{&quot;background_background&quot;:&quot;classic&quot;}\">\n\t\t<div class=\"elementor-element elementor-element-ace4304 e-con-full elementor-hidden-tablet elementor-hidden-mobile e-flex parallax_section_no qode_elementor_container_no e-con e-child\" data-id=\"ace4304\" data-element_type=\"container\" data-settings=\"{&quot;background_background&quot;:&quot;classic&quot;,&quot;position&quot;:&quot;fixed&quot;}\">\n\t\t\t\t<div class=\"elementor-element elementor-element-8a5ed98 elementor-widget elementor-widget-spacer\" data-id=\"8a5ed98\" data-element_type=\"widget\" data-widget_type=\"spacer.default\">\n\t\t\t\t<div class=\"elementor-widget-container\">\n\t\t\t\t\t<div class=\"elementor-spacer\">\n\t\t\t<div class=\"elementor-spacer-inner\"><\/div>\n\t\t<\/div>\n\t\t\t\t<\/div>\n\t\t\t\t<\/div>\n\t\t\t\t<\/div>\n\t\t<div class=\"elementor-element elementor-element-96fb279 e-con-full e-flex parallax_section_no qode_elementor_container_no e-con e-child\" data-id=\"96fb279\" data-element_type=\"container\" data-settings=\"{&quot;background_background&quot;:&quot;classic&quot;}\">\n\t\t\t\t<div class=\"elementor-element elementor-element-1f1d536 elementor-widget elementor-widget-heading\" data-id=\"1f1d536\" data-element_type=\"widget\" data-widget_type=\"heading.default\">\n\t\t\t\t<div class=\"elementor-widget-container\">\n\t\t\t<h1 class=\"elementor-heading-title elementor-size-default\">Tagesfahrt ins zillertal<\/h1>\t\t<\/div>\n\t\t\t\t<\/div>\n\t\t\t\t<div class=\"elementor-element elementor-element-74370c7 elementor-widget__width-initial elementor-widget elementor-widget-qi_addons_for_elementor_section_title\" data-id=\"74370c7\" data-element_type=\"widget\" data-widget_type=\"qi_addons_for_elementor_section_title.default\">\n\t\t\t\t<div class=\"elementor-widget-container\">\n\t\t\t<div class=\"qodef-shortcode qodef-m qodef-qi-section-title qodef-decoration--italic qodef-link--underline-draw qodef-subtitle-icon--left\">\n\t\t\t\t\t\t\t\t<div class=\"qodef-m-text\"><p>50 Jahre-Revivalfahrt mit Partybus.<\/p><p>Kommt mit uns ins Zillertal und erlebt einen wundervollen Tag mit uns im Schnee!<\/p><p>Es gibt Bier vom Fass (nat\u00fcrlich zum Feierabend ;)), sowie Fr\u00fchst\u00fcck und Brotzeit vor der Abfahrt.<\/p><p>\u00a0<\/p><p><strong>Anmeldeschluss: 24.M\u00e4rz 2025<\/strong><\/p><\/div>\n\t<\/div>\n\t\t<\/div>\n\t\t\t\t<\/div>\n\t\t\t\t<div class=\"elementor-element elementor-element-9f53d1a elementor-widget elementor-widget-qi_addons_for_elementor_button\" data-id=\"9f53d1a\" data-element_type=\"widget\" data-widget_type=\"qi_addons_for_elementor_button.default\">\n\t\t\t\t<div class=\"elementor-widget-container\">\n\t\t\t<a class=\"qodef-shortcode qodef-m qodef-qi-button qodef-html--link qodef-layout--filled qodef-type--standard qodef-icon--right qodef-hover--icon-move-horizontal-short\" href=\"https:\/\/widgets.yolawo.de\/w\/0\/bookables\/6712caadba95dd58e86cb510\" target=\"_self\">\n\t<span class=\"qodef-m-text\">ANMELDEN<\/span>\n\t<\/a>\n\t\t<\/div>\n\t\t\t\t<\/div>\n\t\t<div class=\"elementor-element elementor-element-71e1426 e-con-full e-flex parallax_section_no qode_elementor_container_no e-con e-child\" data-id=\"71e1426\" data-element_type=\"container\">\n\t\t\t\t<div class=\"elementor-element elementor-element-cb73380 elementor-widget elementor-widget-heading\" data-id=\"cb73380\" data-element_type=\"widget\" data-widget_type=\"heading.default\">\n\t\t\t\t<div class=\"elementor-widget-container\">\n\t\t\t<h1 class=\"elementor-heading-title elementor-size-default\">TREFFPUNKT &amp; KOSTEN<\/h1>\t\t<\/div>\n\t\t\t\t<\/div>\n\t\t\t\t<div class=\"elementor-element elementor-element-698dbca elementor-widget__width-initial elementor-widget elementor-widget-qi_addons_for_elementor_section_title\" data-id=\"698dbca\" data-element_type=\"widget\" data-widget_type=\"qi_addons_for_elementor_section_title.default\">\n\t\t\t\t<div class=\"elementor-widget-container\">\n\t\t\t<div class=\"qodef-shortcode qodef-m qodef-qi-section-title qodef-decoration--italic qodef-link--underline-draw qodef-subtitle-icon--left\">\n\t\t\t\t\t\t\t\t<\/div>\n\t\t<\/div>\n\t\t\t\t<\/div>\n\t\t<div class=\"elementor-element elementor-element-e6e833d e-flex e-con-boxed parallax_section_no qode_elementor_container_no e-con e-child\" data-id=\"e6e833d\" data-element_type=\"container\">\n\t\t\t\t\t<div class=\"e-con-inner\">\n\t\t\t\t<div class=\"elementor-element elementor-element-4d2c7a8 elementor-widget__width-initial elementor-widget elementor-widget-text-editor\" data-id=\"4d2c7a8\" data-element_type=\"widget\" data-widget_type=\"text-editor.default\">\n\t\t\t\t<div class=\"elementor-widget-container\">\n\t\t\t\t\t\t\t<p>Datum:<\/p><p>Abfahrt:<\/p><p>R\u00fcckfahrt:<\/p><p>Treffpunkt:<\/p><p>\u00a0<\/p><p>Kosten <em>(exkl. Skipass):<\/em><\/p>\t\t\t\t\t\t<\/div>\n\t\t\t\t<\/div>\n\t\t\t\t<div class=\"elementor-element elementor-element-5bb636f elementor-widget-mobile__width-initial elementor-widget elementor-widget-text-editor\" data-id=\"5bb636f\" data-element_type=\"widget\" data-widget_type=\"text-editor.default\">\n\t\t\t\t<div class=\"elementor-widget-container\">\n\t\t\t\t\t\t\t<p>29.03.2025<\/p><p>06:15 Uhr<\/p><p>ca. 17:00 Uhr<\/p><p>Friedhofparkplatz in Teublitz<\/p><p>30\u20ac (Mitglieder); 40\u20ac (Nichtmitglieder)<\/p>\t\t\t\t\t\t<\/div>\n\t\t\t\t<\/div>\n\t\t\t\t\t<\/div>\n\t\t\t\t<\/div>\n\t\t\t\t<\/div>\n\t\t\t\t<div class=\"elementor-element elementor-element-5089406 elementor-widget elementor-widget-text-editor\" data-id=\"5089406\" data-element_type=\"widget\" data-widget_type=\"text-editor.default\">\n\t\t\t\t<div class=\"elementor-widget-container\">\n\t\t\t\t\t\t\t<p><em>Die Skip\u00e4sse werden gemeinsam vor Ort besorgt und das Geld im Bus eingesammelt.<\/em><\/p>\t\t\t\t\t\t<\/div>\n\t\t\t\t<\/div>\n\t\t<div class=\"elementor-element elementor-element-9b2eb14 e-flex e-con-boxed parallax_section_no qode_elementor_container_no e-con e-child\" data-id=\"9b2eb14\" data-element_type=\"container\">\n\t\t\t\t\t<div class=\"e-con-inner\">\n\t\t\t\t<div class=\"elementor-element elementor-element-9ab4e8d elementor-widget__width-initial elementor-widget elementor-widget-qi_addons_for_elementor_section_title\" data-id=\"9ab4e8d\" data-element_type=\"widget\" data-widget_type=\"qi_addons_for_elementor_section_title.default\">\n\t\t\t\t<div class=\"elementor-widget-container\">\n\t\t\t<div class=\"qodef-shortcode qodef-m qodef-qi-section-title qodef-decoration--italic qodef-link--underline-draw qodef-subtitle-icon--left\">\n\t\t\t\t\t\t<h2 class=\"qodef-m-title\">\n\t\tDU HAST FRAGEN?\t<\/h2>\n\t\t\t<div class=\"qodef-m-text\"><p>Schreib und gerne eine Nachricht, wir k\u00fcmmern uns um dein Anliegen!<\/p><\/div>\n\t<\/div>\n\t\t<\/div>\n\t\t\t\t<\/div>\n\t\t\t\t\t<\/div>\n\t\t\t\t<\/div>\n\t\t\t\t<\/div>\n\t\t\t\t<\/div>\n\t\t\t\t<\/div>\n\t\t","protected":false},"excerpt":{"rendered":"<p>Tagesfahrt ins zillertal 50 Jahre-Revivalfahrt mit Partybus. Kommt mit uns ins Zillertal und erlebt einen wundervollen Tag mit uns im Schnee! Es gibt Bier vom Fass (nat\u00fcrlich zum Feierabend ;)), sowie Fr\u00fchst\u00fcck und Brotzeit vor der Abfahrt. \u00a0 Anmeldeschluss: 24.M\u00e4rz 2025 ANMELDEN TREFFPUNKT &amp; KOSTEN&#8230;<\/p>\n","protected":false},"author":1,"featured_media":0,"parent":0,"menu_order":0,"comment_status":"closed","ping_status":"closed","template":"full_width.php","meta":{"footnotes":""},"class_list":["post-5795","page","type-page","status-publish","hentry"],"_links":{"self":[{"href":"https:\/\/test.skiclub-teublitz.de\/index.php\/wp-json\/wp\/v2\/pages\/5795","targetHints":{"allow":["GET"]}}],"collection":[{"href":"https:\/\/test.skiclub-teublitz.de\/index.php\/wp-json\/wp\/v2\/pages"}],"about":[{"href":"https:\/\/test.skiclub-teublitz.de\/index.php\/wp-json\/wp\/v2\/types\/page"}],"author":[{"embeddable":true,"href":"https:\/\/test.skiclub-teublitz.de\/index.php\/wp-json\/wp\/v2\/users\/1"}],"replies":[{"embeddable":true,"href":"https:\/\/test.skiclub-teublitz.de\/index.php\/wp-json\/wp\/v2\/comments?post=5795"}],"version-history":[{"count":10,"href":"https:\/\/test.skiclub-teublitz.de\/index.php\/wp-json\/wp\/v2\/pages\/5795\/revisions"}],"predecessor-version":[{"id":5979,"href":"https:\/\/test.skiclub-teublitz.de\/index.php\/wp-json\/wp\/v2\/pages\/5795\/revisions\/5979"}],"wp:attachment":[{"href":"https:\/\/test.skiclub-teublitz.de\/index.php\/wp-json\/wp\/v2\/media?parent=5795"}],"curies":[{"name":"wp","href":"https:\/\/api.w.org\/{rel}","templated":true}]}}